{"id":1615,"date":"2025-11-06T16:03:52","date_gmt":"2025-11-06T15:03:52","guid":{"rendered":"https:\/\/www.ligne-c.archi\/?page_id=1615"},"modified":"2025-11-06T16:03:52","modified_gmt":"2025-11-06T15:03:52","slug":"a-qui-sadresse-cette-expertise-quand-intervenir","status":"publish","type":"page","link":"https:\/\/www.ligne-c.archi\/index.php\/a-qui-sadresse-cette-expertise-quand-intervenir\/","title":{"rendered":"\u00c0 qui s&rsquo;adresse cette expertise, quand intervenir ?"},"content":{"rendered":"\n<p>Notre lieu de vie influence directement notre bien-\u00eatre, notre humeur et nos aspirations. Gr\u00e2ce \u00e0 une approche pluridimensionnelle (Neuro-architecture, Feng Shui, Psychologie de la couleur), je vous accompagne pour transformer votre int\u00e9rieur afin qu&rsquo;il devienne un v\u00e9ritable <strong>alli\u00e9 pour votre corps et votre esprit<\/strong>.<\/p>\n\n\n\n<figure class=\"wp-block-image size-full\"><img loading=\"lazy\" decoding=\"async\" width=\"966\" height=\"884\" src=\"https:\/\/www.ligne-c.archi\/wp-content\/uploads\/2025\/11\/expertise-F-copie.webp\" alt=\"\" class=\"wp-image-1617\" srcset=\"https:\/\/www.ligne-c.archi\/wp-content\/uploads\/2025\/11\/expertise-F-copie.webp 966w, https:\/\/www.ligne-c.archi\/wp-content\/uploads\/2025\/11\/expertise-F-copie-300x275.webp 300w, https:\/\/www.ligne-c.archi\/wp-content\/uploads\/2025\/11\/expertise-F-copie-768x703.webp 768w\" sizes=\"auto, (max-width: 966px) 100vw, 966px\" \/><\/figure>\n\n\n\n<p>Mon accompagnement est pertinent \u00e0 toutes les \u00e9tapes de la vie et lors de tout projet impactant votre lieu de vie. Chaque <strong>changement<\/strong> est une opportunit\u00e9 pour r\u00e9aligner votre espace \u00e0 vos aspirations et \u00e0 votre cheminement personnel.<\/p>\n\n\n\n<h4 class=\"wp-block-heading\">1. Projets immobiliers et construction : Anticiper pour bien vivre<\/h4>\n\n\n\n<ul class=\"wp-block-list\">\n<li><strong>Acquisition de biens :<\/strong> Avant d&rsquo;acheter un logement ou un bureau, pour valider son potentiel, son impact \u00e9nerg\u00e9tique et sa capacit\u00e9 \u00e0 vous soutenir.<\/li>\n\n\n\n<li><strong>Achat sur plan ou construction :<\/strong> Pour modifier les plans avant les travaux ou affiner l&rsquo;agencement, garantissant ainsi un lieu de vie optimal d\u00e8s sa conception.<\/li>\n\n\n\n<li><strong>Modification de plans\/agencement :<\/strong> En amont d&rsquo;une r\u00e9novation ou d&rsquo;une r\u00e9organisation structurelle.<\/li>\n<\/ul>\n\n\n\n<h4 class=\"wp-block-heading\">2. \u00c9tapes de vie et transitions : Votre habitat comme soutien<\/h4>\n\n\n\n<ul class=\"wp-block-list\">\n<li><strong>Arriv\u00e9e d&rsquo;un enfant :<\/strong> Revoir l&rsquo;organisation g\u00e9n\u00e9rale de l\u2019habitat pour int\u00e9grer ce nouveau membre dans une atmosph\u00e8re de s\u00e9r\u00e9nit\u00e9.<\/li>\n\n\n\n<li><strong>Phases de changement :<\/strong> D\u00e9m\u00e9nagement, s\u00e9paration, nouveau d\u00e9part, personnel, professionnel, ou toute autre transition n\u00e9cessitant un nouvel <strong>ancrage spatial<\/strong>.<\/li>\n\n\n\n<li><strong>Soutien th\u00e9rapeutique :<\/strong> Si vous \u00eates engag\u00e9 dans une d\u00e9marche de mieux-\u00eatre ou de th\u00e9rapie, votre logement peut devenir un <strong>outil actif de soutien<\/strong>. Travailler sur votre espace en parall\u00e8le de votre introspection mentale maximise les b\u00e9n\u00e9fices et consolide vos avanc\u00e9es.<\/li>\n<\/ul>\n\n\n\n<h4 class=\"wp-block-heading\">3. Aspect financier : Une approche qui cr\u00e9e de la valeur<\/h4>\n\n\n\n<p>M\u00eame si nous parlons de changements et d\u2019\u00e9volutions, l\u2019aspect financier ne doit pas \u00eatre per\u00e7u comme un frein.<\/p>\n\n\n\n<p><strong>Optimisation globale<\/strong>&nbsp;: Votre projet b\u00e9n\u00e9ficiera d&rsquo;un regard <strong>neutre et sp\u00e9cialis\u00e9<\/strong>, garantissant une <strong>optimisation<\/strong> fonctionnelle, \u00e9nerg\u00e9tique et financi\u00e8re <strong>d\u00e8s la conception<\/strong>.<\/p>\n\n\n\n<p><strong>Potentiel d\u2019\u00e9conomies : <\/strong>Cette approche permet, par exemple, d&rsquo;anticiper l&rsquo;agencement et de modifier les plans <strong>avant les travaux<\/strong>, garantissant ainsi un lieu de vie optimal d\u00e8s sa conception et \u00e9vitant des d\u00e9penses ult\u00e9rieures et souvent co\u00fbteuses.<\/p>\n\n\n\n<p><strong>Plus-values&nbsp;:<\/strong> En assurant un projet coh\u00e9rent et bien pens\u00e9, on obtient une <strong>plus-value g\u00e9n\u00e9rale<\/strong> (\u00e9conomies directes, optimisation des espaces, et impact positif sur le bien-\u00eatre) qui exc\u00e8de le co\u00fbt de l&rsquo;expertise.<\/p>\n\n\n\n<p><strong>Actions simples&nbsp;:<\/strong> L&rsquo;intervention peut d&rsquo;ailleurs consister en des actions simples comme la r\u00e9organisation de l\u2019espace, la permutation de fonctions de pi\u00e8ces (bureau\/chambre) ou le changement de couleurs ou d&#8217;emplacements d&rsquo;objets.<\/p>\n","protected":false},"excerpt":{"rendered":"<p>Notre lieu de vie influence directement notre bien-\u00eatre, notre humeur et nos aspirations. Gr\u00e2ce \u00e0 une approche pluridimensionnelle (Neuro-architecture, Feng Shui, Psychologie de la couleur), je vous accompagne pour transformer votre int\u00e9rieur afin qu&rsquo;il devienne un v\u00e9ritable alli\u00e9 pour votre corps et votre esprit. Mon accompagnement est pertinent \u00e0 toutes les \u00e9tapes de la vie [&hellip;]<\/p>\n","protected":false},"author":1,"featured_media":0,"parent":0,"menu_order":0,"comment_status":"closed","ping_status":"closed","template":"","meta":{"footnotes":""},"class_list":["post-1615","page","type-page","status-publish","hentry"],"jetpack_likes_enabled":true,"jetpack_sharing_enabled":true,"_links":{"self":[{"href":"https:\/\/www.ligne-c.archi\/index.php\/wp-json\/wp\/v2\/pages\/1615","targetHints":{"allow":["GET"]}}],"collection":[{"href":"https:\/\/www.ligne-c.archi\/index.php\/wp-json\/wp\/v2\/pages"}],"about":[{"href":"https:\/\/www.ligne-c.archi\/index.php\/wp-json\/wp\/v2\/types\/page"}],"author":[{"embeddable":true,"href":"https:\/\/www.ligne-c.archi\/index.php\/wp-json\/wp\/v2\/users\/1"}],"replies":[{"embeddable":true,"href":"https:\/\/www.ligne-c.archi\/index.php\/wp-json\/wp\/v2\/comments?post=1615"}],"version-history":[{"count":2,"href":"https:\/\/www.ligne-c.archi\/index.php\/wp-json\/wp\/v2\/pages\/1615\/revisions"}],"predecessor-version":[{"id":1618,"href":"https:\/\/www.ligne-c.archi\/index.php\/wp-json\/wp\/v2\/pages\/1615\/revisions\/1618"}],"wp:attachment":[{"href":"https:\/\/www.ligne-c.archi\/index.php\/wp-json\/wp\/v2\/media?parent=1615"}],"curies":[{"name":"wp","href":"https:\/\/api.w.org\/{rel}","templated":true}]}}