{"id":1621,"date":"2025-11-06T16:11:08","date_gmt":"2025-11-06T15:11:08","guid":{"rendered":"https:\/\/www.ligne-c.archi\/?page_id=1621"},"modified":"2025-11-06T16:11:09","modified_gmt":"2025-11-06T15:11:09","slug":"la-neuro-architecture-un-parcours-en-3-etapes","status":"publish","type":"page","link":"https:\/\/www.ligne-c.archi\/index.php\/la-neuro-architecture-un-parcours-en-3-etapes\/","title":{"rendered":"La Neuro-architecture : Un parcours en 3 \u00e9tapes"},"content":{"rendered":"\n<figure class=\"wp-block-image size-full\"><img loading=\"lazy\" decoding=\"async\" width=\"1024\" height=\"548\" src=\"https:\/\/www.ligne-c.archi\/wp-content\/uploads\/2025\/11\/3-etape-F-copie.webp\" alt=\"\" class=\"wp-image-1622\" srcset=\"https:\/\/www.ligne-c.archi\/wp-content\/uploads\/2025\/11\/3-etape-F-copie.webp 1024w, https:\/\/www.ligne-c.archi\/wp-content\/uploads\/2025\/11\/3-etape-F-copie-300x161.webp 300w, https:\/\/www.ligne-c.archi\/wp-content\/uploads\/2025\/11\/3-etape-F-copie-768x411.webp 768w\" sizes=\"auto, (max-width: 1024px) 100vw, 1024px\" \/><\/figure>\n\n\n\n<h4 class=\"wp-block-heading\">1. Comprendre votre environnement<\/h4>\n\n\n\n<p>Cette \u00e9tape est un moment d&rsquo;\u00e9coute profonde et d&rsquo;analyse. Pour d\u00e9buter, je vous demande de me transmettre les \u00e9l\u00e9ments suivants (via un syst\u00e8me de stockage cloud) :<\/p>\n\n\n\n<ul class=\"wp-block-list\">\n<li>Les <strong>plans<\/strong> de l&rsquo;espace (logement, bureau, etc.), avec dimensions et <strong>orientation cardinale<\/strong>. (R\u00e9alisation des plans existants possible en mission suppl\u00e9mentaire).<\/li>\n\n\n\n<li>Des <strong>photos<\/strong> d\u00e9taill\u00e9es de chaque pi\u00e8ce, renomm\u00e9es par pi\u00e8ce pour une organisation optimale.<\/li>\n<\/ul>\n\n\n\n<p>Apr\u00e8s mon analyse initiale, nous aurons un \u00e9change essentiel, souvent v\u00e9cu comme une <strong>introspection<\/strong>. Vous pourrez \u00e9voquer :<\/p>\n\n\n\n<ul class=\"wp-block-list\">\n<li>Vos besoins, vos manques, vos objectifs pr\u00e9cis (y compris th\u00e9rapeutiques ou li\u00e9s au projet).<\/li>\n\n\n\n<li>Les \u00e9l\u00e9ments que vous souhaitez conserver ou modifier, et votre attachement \u00e0 certains objets.<\/li>\n<\/ul>\n\n\n\n<p>Nous d\u00e9finirons ensemble les \u00e9l\u00e9ments \u00e0 travailler.<\/p>\n\n\n\n<h4 class=\"wp-block-heading\">2. Lib\u00e9rer et Agir<\/h4>\n\n\n\n<p>Cette \u00e9tape est celle de la transformation et de la concr\u00e9tisation.<\/p>\n\n\n\n<h5 class=\"wp-block-heading\">2a &#8211; LIB\u00c9RER : La prise de conscience<\/h5>\n\n\n\n<p>Nous commen\u00e7ons par une restitution de mon analyse. Nos \u00e9changes mettent en lumi\u00e8re ce qui est r\u00e9p\u00e9titif, ce qui ne fonctionne pas, et comment ces aspects se refl\u00e8tent dans l&rsquo;organisation de votre lieu de vie.<\/p>\n\n\n\n<p>Gr\u00e2ce \u00e0 cette <strong>mise en lumi\u00e8re et \u00e0 l&rsquo;explication des points d\u00e9licats<\/strong> (li\u00e9s au Feng Shui, \u00e0 la psychologie de l&rsquo;espace, etc.), la <strong>lib\u00e9ration<\/strong> s&rsquo;op\u00e8re par une <strong>prise de conscience<\/strong> de votre part. C&rsquo;est le moment de comprendre les liens entre votre environnement et vos blocages, vos \u00e9motions ou vos aspirations.<\/p>\n\n\n\n<h5 class=\"wp-block-heading\">2b &#8211; AGIR : Les propositions concr\u00e8tes<\/h5>\n\n\n\n<p>Une fois la prise de conscience \u00e9tablie, des propositions d\u2019interventions cibl\u00e9es sont faites pour transformer concr\u00e8tement votre espace.<\/p>\n\n\n\n<ul class=\"wp-block-list\">\n<li><strong>Restitution :<\/strong> Retour verbal ou par vid\u00e9o. Mes propositions sont des <strong>recommandations strat\u00e9giques et fonctionnelles<\/strong> (choix de couleurs, orientation des meubles, r\u00e9affectation des pi\u00e8ces) bas\u00e9es sur l&rsquo;analyse<\/li>\n\n\n\n<li><strong>Optionnel :<\/strong> \u00a0Je peux \u00e9galement vous fournir, des <strong>esquisses d&rsquo;am\u00e9nagement<\/strong> pour les projets complexes.<\/li>\n<\/ul>\n\n\n\n<h4 class=\"wp-block-heading\">3. Suivre et consolider<\/h4>\n\n\n\n<p>Ce travail induit un changement profond, mais le <strong>mental est notre premier parasite<\/strong>. Nous nous auto-sabotons souvent, car <strong>le cerveau privil\u00e9gie la routine et l&rsquo;\u00e9conomie d&rsquo;\u00e9nergie<\/strong>, ce qui g\u00e9n\u00e8re des blocages \u00e9motionnels et des r\u00e9sistances au changement (m\u00eame positif).<\/p>\n\n\n\n<p>Pour soutenir l&rsquo;int\u00e9gration durable des modifications, votre suivi est con\u00e7u pour :<\/p>\n\n\n\n<ul class=\"wp-block-list\">\n<li><strong>Comprendre les r\u00e9sistances (Neurosciences) :<\/strong> Nous aborderons comment les m\u00e9canismes des <strong>neurosciences<\/strong> expliquent ces blocages \u00e9motionnels qui emp\u00eachent parfois d&rsquo;avancer. La mise en lumi\u00e8re de ces processus c\u00e9r\u00e9braux permet de d\u00e9dramatiser les difficult\u00e9s et de mieux les contourner.<\/li>\n\n\n\n<li><strong>\u00c9valuer l&rsquo;impact :<\/strong> Quelques semaines plus tard, nous faisons le point sur ce qui a pu \u00eatre mis en \u0153uvre, comment cela a impact\u00e9 concr\u00e8tement votre quotidien et votre bien-\u00eatre.<\/li>\n<\/ul>\n\n\n\n<p><strong>Ajuster la d\u00e9marche :<\/strong> Nous identifions ce qui n&rsquo;est pas \u00e9vident \u00e0 modifier pour que votre environnement <strong>soutienne pleinement votre d\u00e9marche d&rsquo;\u00e9volution<\/strong> et aide \u00e0 d\u00e9passer les difficult\u00e9s<\/p>\n\n\n\n<p>C&rsquo;est un temps essentiel pour consolider la transformation et garantir que votre nouveau lieu de vie devient un <strong>ancrage durable<\/strong> pour votre mieux-\u00eatre.<\/p>\n","protected":false},"excerpt":{"rendered":"<p>1. Comprendre votre environnement Cette \u00e9tape est un moment d&rsquo;\u00e9coute profonde et d&rsquo;analyse. Pour d\u00e9buter, je vous demande de me transmettre les \u00e9l\u00e9ments suivants (via un syst\u00e8me de stockage cloud) : Apr\u00e8s mon analyse initiale, nous aurons un \u00e9change essentiel, souvent v\u00e9cu comme une introspection. Vous pourrez \u00e9voquer : Nous d\u00e9finirons ensemble les \u00e9l\u00e9ments \u00e0 [&hellip;]<\/p>\n","protected":false},"author":1,"featured_media":0,"parent":0,"menu_order":0,"comment_status":"closed","ping_status":"closed","template":"","meta":{"footnotes":""},"class_list":["post-1621","page","type-page","status-publish","hentry"],"jetpack_likes_enabled":true,"jetpack_sharing_enabled":true,"_links":{"self":[{"href":"https:\/\/www.ligne-c.archi\/index.php\/wp-json\/wp\/v2\/pages\/1621","targetHints":{"allow":["GET"]}}],"collection":[{"href":"https:\/\/www.ligne-c.archi\/index.php\/wp-json\/wp\/v2\/pages"}],"about":[{"href":"https:\/\/www.ligne-c.archi\/index.php\/wp-json\/wp\/v2\/types\/page"}],"author":[{"embeddable":true,"href":"https:\/\/www.ligne-c.archi\/index.php\/wp-json\/wp\/v2\/users\/1"}],"replies":[{"embeddable":true,"href":"https:\/\/www.ligne-c.archi\/index.php\/wp-json\/wp\/v2\/comments?post=1621"}],"version-history":[{"count":1,"href":"https:\/\/www.ligne-c.archi\/index.php\/wp-json\/wp\/v2\/pages\/1621\/revisions"}],"predecessor-version":[{"id":1623,"href":"https:\/\/www.ligne-c.archi\/index.php\/wp-json\/wp\/v2\/pages\/1621\/revisions\/1623"}],"wp:attachment":[{"href":"https:\/\/www.ligne-c.archi\/index.php\/wp-json\/wp\/v2\/media?parent=1621"}],"curies":[{"name":"wp","href":"https:\/\/api.w.org\/{rel}","templated":true}]}}