{"id":229,"date":"2023-02-02T15:46:44","date_gmt":"2023-02-02T14:46:44","guid":{"rendered":"http:\/\/www.ligne-c.archi\/?page_id=229"},"modified":"2025-10-08T15:03:45","modified_gmt":"2025-10-08T13:03:45","slug":"nos-domaines-dinterventions","status":"publish","type":"page","link":"https:\/\/www.ligne-c.archi\/index.php\/nos-domaines-dinterventions\/","title":{"rendered":"Mes comp\u00e9tences et conseils d&rsquo;Architecte"},"content":{"rendered":"<div data-colibri-id=\"229-c1\" class=\"style-405 style-local-229-c1 position-relative\">\n  <!---->\n  <div data-colibri-component=\"section\" data-colibri-id=\"229-c2\" id=\"custom\" class=\"h-section h-section-global-spacing d-flex align-items-lg-center align-items-md-center align-items-center style-461 style-local-229-c2 position-relative\">\n    <!---->\n    <!---->\n    <div class=\"h-section-grid-container h-section-boxed-container\">\n      <!---->\n      <div data-colibri-id=\"229-c3\" class=\"h-row-container gutters-row-lg-2 gutters-row-md-2 gutters-row-0 gutters-row-v-lg-2 gutters-row-v-md-2 gutters-row-v-2 style-462 style-local-229-c3 position-relative\">\n        <!---->\n        <div class=\"h-row justify-content-lg-center justify-content-md-center justify-content-center align-items-lg-stretch align-items-md-stretch align-items-stretch gutters-col-lg-2 gutters-col-md-2 gutters-col-0 gutters-col-v-lg-2 gutters-col-v-md-2 gutters-col-v-2\">\n          <!---->\n          <div class=\"h-column h-column-container d-flex h-col-lg-auto h-col-md-auto h-col-auto style-463-outer style-local-229-c4-outer\">\n            <div data-colibri-id=\"229-c4\" class=\"d-flex h-flex-basis h-column__inner h-px-lg-2 h-px-md-2 h-px-2 v-inner-lg-2 v-inner-md-2 v-inner-2 style-463 style-local-229-c4 position-relative\">\n              <!---->\n              <!---->\n              <div class=\"w-100 h-y-container h-column__content h-column__v-align flex-basis-100 align-self-lg-start align-self-md-start align-self-start\">\n                <!---->\n                <div data-colibri-id=\"229-c5\" class=\"h-text h-text-component style-464 style-local-229-c5 position-relative h-element\">\n                  <!---->\n                  <!---->\n                  <div class=\"\">\n                    <p>En tant qu&rsquo;architecte, je consid\u00e8re chaque projet comme une collaboration unique. Vous \u00eates le <strong>ma\u00eetre d&rsquo;ouvrage<\/strong>, le c\u0153ur du projet, et mon r\u00f4le est d&rsquo;orchestrer, de conseiller et de donner vie \u00e0 vos id\u00e9es. Mon approche\n                      est de vous accompagner \u00e0 chaque \u00e9tape, de la conception \u00e0 la r\u00e9alisation, en m&rsquo;appuyant sur un \u00e9ventail de comp\u00e9tences vari\u00e9.<\/p>\n                  <\/div>\n                <\/div>\n              <\/div>\n            <\/div>\n          <\/div>\n        <\/div>\n      <\/div>\n      <div data-colibri-id=\"229-c6\" class=\"h-row-container gutters-row-lg-2 gutters-row-md-2 gutters-row-0 gutters-row-v-lg-2 gutters-row-v-md-2 gutters-row-v-2 style-478 style-local-229-c6 position-relative\">\n        <!---->\n        <div class=\"h-row justify-content-lg-center justify-content-md-center justify-content-center align-items-lg-stretch align-items-md-stretch align-items-stretch gutters-col-lg-2 gutters-col-md-2 gutters-col-0 gutters-col-v-lg-2 gutters-col-v-md-2 gutters-col-v-2\">\n          <!---->\n          <div class=\"h-column h-column-container d-flex h-col-lg-auto h-col-md-auto h-col-auto style-479-outer style-local-229-c7-outer\">\n            <div data-colibri-id=\"229-c7\" class=\"d-flex h-flex-basis h-column__inner h-px-lg-2 h-px-md-2 h-px-2 v-inner-lg-2 v-inner-md-2 v-inner-2 style-479 style-local-229-c7 position-relative\">\n              <!---->\n              <!---->\n              <div class=\"w-100 h-y-container h-column__content h-column__v-align flex-basis-100 align-self-lg-start align-self-md-start align-self-start\">\n                <!---->\n                <div data-colibri-id=\"229-c8\" class=\"h-text h-text-component style-482 style-local-229-c8 position-relative h-element\">\n                  <!---->\n                  <!---->\n                  <div class=\"\">\n                    <p><strong>Une palette de services compl\u00e8te pour vos projets<\/strong><\/p>\n                  <\/div>\n                <\/div>\n                <div data-colibri-id=\"229-c9\" class=\"h-text h-text-component style-480 style-local-229-c9 position-relative h-element\">\n                  <!---->\n                  <!---->\n                  <div class=\"\">\n                    <p>Mes domaines d&rsquo;intervention s&rsquo;\u00e9tendent sur divers types de projets, qu&rsquo;il s&rsquo;agisse de logements ou d&rsquo;\u00e9tablissements recevant du public. Mon objectif est de m&rsquo;adapter \u00e0 vos besoins sp\u00e9cifiques pour vous proposer un accompagnement sur\n                      mesure.<\/p>\n                    <ul>\n                      <li><strong>R\u00e9novation et r\u00e9habilitation<\/strong> : Que ce soit pour une r\u00e9novation \u00e9nerg\u00e9tique, la transformation d&rsquo;une maison ou d&rsquo;un appartement, je vous aide \u00e0 optimiser l&rsquo;existant.<\/li>\n                      <li><strong>Construction neuve<\/strong> : Je con\u00e7ois des projets neufs, qu&rsquo;il s&rsquo;agisse de logements individuels ou d&rsquo;habitats group\u00e9s.<\/li>\n                      <li><strong>B\u00e2timents professionnels et publics<\/strong> : J&rsquo;ai l&rsquo;expertise pour les projets tertiaires (bureaux), les \u00e9tablissements scolaires ou les b\u00e2timents d&rsquo;activit\u00e9 agricole.<\/li>\n                    <\/ul>\n                    <p><strong>Conformit\u00e9 et accessibilit\u00e9<\/strong> : J&rsquo;assure la mise aux normes de vos b\u00e2timents, notamment pour les <strong>\u00c9tablissements Recevant du Public (ERP)<\/strong>, en mati\u00e8re d&rsquo;accessibilit\u00e9 et de s\u00e9curit\u00e9.<\/p>\n                  <\/div>\n                <\/div>\n                <div data-colibri-id=\"229-c10\" class=\"h-row-container gutters-row-lg-0 gutters-row-md-0 gutters-row-0 gutters-row-v-lg-0 gutters-row-v-md-0 gutters-row-v-0 style-711 style-local-229-c10 position-relative\">\n                  <!---->\n                  <div class=\"h-row justify-content-lg-start justify-content-md-start justify-content-start align-items-lg-stretch align-items-md-stretch align-items-stretch gutters-col-lg-0 gutters-col-md-0 gutters-col-0 gutters-col-v-lg-0 gutters-col-v-md-0 gutters-col-v-0\">\n                    <!---->\n                    <div class=\"h-column h-column-container d-flex h-col-lg-auto h-col-md-auto h-col-auto style-712-outer style-local-229-c11-outer\">\n                      <div data-colibri-id=\"229-c11\" class=\"d-flex h-flex-basis h-column__inner h-px-lg-0 h-px-md-0 h-px-0 v-inner-lg-0 v-inner-md-0 v-inner-0 style-712 style-local-229-c11 position-relative\">\n                        <!---->\n                        <!---->\n                        <div class=\"w-100 h-y-container h-column__content h-column__v-align flex-basis-100 align-self-lg-start align-self-md-start align-self-start\">\n                          <!---->\n                          <div data-colibri-id=\"229-c12\" class=\"h-text h-text-component style-714 style-local-229-c12 position-relative h-element\">\n                            <!---->\n                            <!---->\n                            <div class=\"\">\n                              <p><strong>De la conception au suivi de projet<\/strong><\/p>\n                            <\/div>\n                          <\/div>\n                        <\/div>\n                      <\/div>\n                    <\/div>\n                    <div class=\"h-column h-column-container d-flex h-col-lg-auto h-col-md-auto h-col-auto style-713-outer style-local-229-c13-outer\">\n                      <div data-colibri-id=\"229-c13\" class=\"d-flex h-flex-basis h-column__inner h-px-lg-0 h-px-md-0 h-px-0 v-inner-lg-0 v-inner-md-0 v-inner-0 style-713 style-local-229-c13 position-relative\">\n                        <!---->\n                        <!---->\n                        <div class=\"w-100 h-y-container h-column__content h-column__v-align flex-basis-100 align-self-lg-start align-self-md-start align-self-start\">\n                          <!---->\n                          <div data-colibri-id=\"229-c14\" class=\"h-x-container style-709 style-local-229-c14 position-relative h-element\">\n                            <!---->\n                            <div class=\"h-x-container-inner style-dynamic-229-c14-group style-709-spacing style-local-229-c14-spacing\"><span class=\"h-button__outer style-710-outer style-local-229-c15-outer d-inline-flex h-element\"><a h-use-smooth-scroll=\"true\" href=\"https:\/\/www.ligne-c.archi\/index.php\/la-profession-darchitecte\/\"  data-colibri-id=\"229-c15\" class=\"d-flex w-100 align-items-center h-button justify-content-lg-center justify-content-md-center justify-content-center style-710 style-local-229-c15 position-relative\"><!----><!----> <span>Voir&nbsp;\u00ab\u00a0Les&nbsp;Missions&nbsp;de&nbsp;l&rsquo;Architecte\u00a0\u00bb<\/span><\/a>\n                              <\/span>\n                            <\/div>\n                          <\/div>\n                        <\/div>\n                      <\/div>\n                    <\/div>\n                  <\/div>\n                <\/div>\n                <div data-colibri-id=\"229-c16\" class=\"h-text h-text-component style-483 style-local-229-c16 position-relative h-element\">\n                  <!---->\n                  <!---->\n                  <div class=\"\">\n                    <p>Mon r\u00f4le va bien au-del\u00e0 du simple dessin de plans. Je g\u00e8re l&rsquo;ensemble des \u00e9tapes techniques et administratives pour vous garantir une ex\u00e9cution fluide.<\/p>\n                    <ul>\n                      <li><strong>\u00c9tat des lieux<\/strong> : Je r\u00e9alise des relev\u00e9s int\u00e9rieurs et de fa\u00e7ades pour obtenir un dossier pr\u00e9cis de l&rsquo;existant, essentiel pour toute intervention.<\/li>\n                      <li><strong>Gestion administrative<\/strong> : Je vous accompagne dans toutes les d\u00e9marches, de la <strong>D\u00e9claration Pr\u00e9alable<\/strong> au <strong>Permis de Construire<\/strong>, et vous aide m\u00eame pour les dossiers de subventions.<\/li>\n                    <\/ul>\n                    <p><strong>Conseils sur mesure<\/strong> : Je vous propose des visites de conseil sur site pour vous donner des explications claires sur la r\u00e9glementation en vigueur.<\/p>\n                  <\/div>\n                <\/div>\n                <div data-colibri-id=\"229-c17\" class=\"h-text h-text-component style-484 style-local-229-c17 position-relative h-element\">\n                  <!---->\n                  <!---->\n                  <div class=\"\">\n                    <p><strong>L&rsquo;Architecture au service de votre bien-\u00eatre quotidien an utilisant la Neuro-Architecture.&nbsp;<\/strong><\/p>\n                  <\/div>\n                <\/div>\n                <div data-colibri-id=\"229-c18\" class=\"h-text h-text-component style-488 style-local-229-c18 position-relative h-element\">\n                  <!---->\n                  <!---->\n                  <div class=\"\">\n                    <p>La fonction de l&rsquo;architecte est d&rsquo;am\u00e9liorer votre espace de vie pour qu&rsquo;il soit une source de sant\u00e9 et de ressourcement.<\/p>\n                    <p>En appliquant les principes de la <strong>neuro-architecture<\/strong> et du <strong>Feng-Shui<\/strong>, je peux intervenir sur votre int\u00e9rieur pour qu&rsquo;il soit en parfaite ad\u00e9quation avec vos besoins. Mon objectif est de concevoir un\n                      espace qui favorise votre mieux-\u00eatre au quotidien en jouant sur la lumi\u00e8re, les mat\u00e9riaux, les couleurs et la circulation.<\/p>\n                    <p>Mon engagement est de vous offrir un habitat qui non seulement corresponde \u00e0 vos attentes, mais qui am\u00e9liore \u00e9galement votre qualit\u00e9 de vie.<\/p>\n                  <\/div>\n                <\/div>\n              <\/div>\n            <\/div>\n          <\/div>\n        <\/div>\n      <\/div>\n    <\/div>\n  <\/div>\n<\/div>","protected":false},"excerpt":{"rendered":"<p>En tant qu&rsquo;architecte, je consid\u00e8re chaque projet comme une collaboration unique. Vous \u00eates le ma\u00eetre d&rsquo;ouvrage, le c\u0153ur du projet, et mon r\u00f4le est d&rsquo;orchestrer, de conseiller et de donner vie \u00e0 vos id\u00e9es. Mon approche est de vous accompagner \u00e0 chaque \u00e9tape, de la conception \u00e0 la r\u00e9alisation, en m&rsquo;appuyant sur un \u00e9ventail de [&hellip;]<\/p>\n","protected":false},"author":1,"featured_media":0,"parent":0,"menu_order":2,"comment_status":"closed","ping_status":"closed","template":"page-templates\/full-width-page.php","meta":{"footnotes":""},"class_list":["post-229","page","type-page","status-publish","hentry"],"jetpack_likes_enabled":true,"jetpack_sharing_enabled":true,"_links":{"self":[{"href":"https:\/\/www.ligne-c.archi\/index.php\/wp-json\/wp\/v2\/pages\/229","targetHints":{"allow":["GET"]}}],"collection":[{"href":"https:\/\/www.ligne-c.archi\/index.php\/wp-json\/wp\/v2\/pages"}],"about":[{"href":"https:\/\/www.ligne-c.archi\/index.php\/wp-json\/wp\/v2\/types\/page"}],"author":[{"embeddable":true,"href":"https:\/\/www.ligne-c.archi\/index.php\/wp-json\/wp\/v2\/users\/1"}],"replies":[{"embeddable":true,"href":"https:\/\/www.ligne-c.archi\/index.php\/wp-json\/wp\/v2\/comments?post=229"}],"version-history":[{"count":20,"href":"https:\/\/www.ligne-c.archi\/index.php\/wp-json\/wp\/v2\/pages\/229\/revisions"}],"predecessor-version":[{"id":1601,"href":"https:\/\/www.ligne-c.archi\/index.php\/wp-json\/wp\/v2\/pages\/229\/revisions\/1601"}],"wp:attachment":[{"href":"https:\/\/www.ligne-c.archi\/index.php\/wp-json\/wp\/v2\/media?parent=229"}],"curies":[{"name":"wp","href":"https:\/\/api.w.org\/{rel}","templated":true}]}}