{"id":365,"date":"2025-03-31T19:08:14","date_gmt":"2025-03-31T17:08:14","guid":{"rendered":"https:\/\/www.ligne-c.archi\/?page_id=365"},"modified":"2025-04-03T17:24:14","modified_gmt":"2025-04-03T15:24:14","slug":"architecture-et-usages","status":"publish","type":"page","link":"https:\/\/www.ligne-c.archi\/index.php\/architecture-et-usages\/","title":{"rendered":"Architecture et usages"},"content":{"rendered":"\n<p>L&rsquo;architecture &nbsp;ne se limite pas \u00e0 l&rsquo;esth\u00e9tique, elle va au-del\u00e0 de la construction et du chantier. Le travail de l&rsquo;architecte est prot\u00e9g\u00e9 au titre de la propri\u00e9t\u00e9 intellectuelle. Le projet d\u00e9bute par un travail \u00e0 la fois intellectuel et contextuel. De plus, l&rsquo;architecte est au service de, il ne con\u00e7oit pas les espaces pour lui, mais pour les futurs usagers. L&rsquo;objectif est de rendre chaque lieu, chaque espace accessible, confortable, agr\u00e9able, durable.<\/p>\n\n\n\n<p>Personnellement, l&rsquo;<strong>usage<\/strong> est un pilier de r\u00e9flexion. Lorsque l&rsquo;on cr\u00e9e ou transforme, c&rsquo;est l\u2019occasion de porter une r\u00e9flexion sur les besoins pour adapter aux envies. Plusieurs \u00e9l\u00e9ments cl\u00e9s rentrent en interrogation lors des premiers \u00e9changes avec le client, maitre d&rsquo;ouvrage.<\/p>\n\n\n\n<div class=\"wp-block-columns is-layout-flex wp-container-core-columns-is-layout-9d6595d7 wp-block-columns-is-layout-flex\">\n<div class=\"wp-block-column is-vertically-aligned-bottom is-layout-flow wp-block-column-is-layout-flow\" style=\"flex-basis:100%\">\n<div class=\"wp-block-group is-nowrap is-layout-flex wp-container-core-group-is-layout-ad2f72ca wp-block-group-is-layout-flex\">\n<figure class=\"wp-block-image size-large is-resized\"><img loading=\"lazy\" decoding=\"async\" width=\"1024\" height=\"768\" src=\"https:\/\/www.ligne-c.archi\/wp-content\/uploads\/2023\/01\/La-Chavanne-4-1024x768.jpg\" alt=\"\" class=\"wp-image-138\" style=\"width:335px;height:auto\" srcset=\"https:\/\/www.ligne-c.archi\/wp-content\/uploads\/2023\/01\/La-Chavanne-4-1024x768.jpg 1024w, https:\/\/www.ligne-c.archi\/wp-content\/uploads\/2023\/01\/La-Chavanne-4-300x225.jpg 300w, https:\/\/www.ligne-c.archi\/wp-content\/uploads\/2023\/01\/La-Chavanne-4-768x576.jpg 768w, https:\/\/www.ligne-c.archi\/wp-content\/uploads\/2023\/01\/La-Chavanne-4-1536x1152.jpg 1536w, https:\/\/www.ligne-c.archi\/wp-content\/uploads\/2023\/01\/La-Chavanne-4-2048x1536.jpg 2048w\" sizes=\"auto, (max-width: 1024px) 100vw, 1024px\" \/><figcaption class=\"wp-element-caption\">La Chavanne -Savoie<\/figcaption><\/figure>\n\n\n\n<div class=\"wp-block-columns is-layout-flex wp-container-core-columns-is-layout-9d6595d7 wp-block-columns-is-layout-flex\">\n<div class=\"wp-block-column is-layout-flow wp-block-column-is-layout-flow\" style=\"flex-basis:100%\">\n<figure class=\"wp-block-image size-large\"><img loading=\"lazy\" decoding=\"async\" width=\"1024\" height=\"683\" src=\"https:\/\/www.ligne-c.archi\/wp-content\/uploads\/2023\/01\/la-chavanne2-1024x683.jpg\" alt=\"\" class=\"wp-image-139\" srcset=\"https:\/\/www.ligne-c.archi\/wp-content\/uploads\/2023\/01\/la-chavanne2-1024x683.jpg 1024w, https:\/\/www.ligne-c.archi\/wp-content\/uploads\/2023\/01\/la-chavanne2-300x200.jpg 300w, https:\/\/www.ligne-c.archi\/wp-content\/uploads\/2023\/01\/la-chavanne2-768x512.jpg 768w, https:\/\/www.ligne-c.archi\/wp-content\/uploads\/2023\/01\/la-chavanne2-1536x1024.jpg 1536w, https:\/\/www.ligne-c.archi\/wp-content\/uploads\/2023\/01\/la-chavanne2-2048x1365.jpg 2048w\" sizes=\"auto, (max-width: 1024px) 100vw, 1024px\" \/><figcaption class=\"wp-element-caption\">Extension et mise en relation de diff\u00e9rents espaces et usages<\/figcaption><\/figure>\n<\/div>\n<\/div>\n<\/div>\n<\/div>\n<\/div>\n\n\n\n<p><\/p>\n\n\n\n<p><\/p>\n","protected":false},"excerpt":{"rendered":"<p>L&rsquo;architecture &nbsp;ne se limite pas \u00e0 l&rsquo;esth\u00e9tique, elle va au-del\u00e0 de la construction et du chantier. Le travail de l&rsquo;architecte est prot\u00e9g\u00e9 au titre de la propri\u00e9t\u00e9 intellectuelle. Le projet d\u00e9bute par un travail \u00e0 la fois intellectuel et contextuel. De plus, l&rsquo;architecte est au service de, il ne con\u00e7oit pas les espaces pour lui, [&hellip;]<\/p>\n","protected":false},"author":1,"featured_media":0,"parent":0,"menu_order":4,"comment_status":"closed","ping_status":"closed","template":"","meta":{"footnotes":""},"class_list":["post-365","page","type-page","status-publish","hentry"],"jetpack_likes_enabled":true,"jetpack_sharing_enabled":true,"_links":{"self":[{"href":"https:\/\/www.ligne-c.archi\/index.php\/wp-json\/wp\/v2\/pages\/365","targetHints":{"allow":["GET"]}}],"collection":[{"href":"https:\/\/www.ligne-c.archi\/index.php\/wp-json\/wp\/v2\/pages"}],"about":[{"href":"https:\/\/www.ligne-c.archi\/index.php\/wp-json\/wp\/v2\/types\/page"}],"author":[{"embeddable":true,"href":"https:\/\/www.ligne-c.archi\/index.php\/wp-json\/wp\/v2\/users\/1"}],"replies":[{"embeddable":true,"href":"https:\/\/www.ligne-c.archi\/index.php\/wp-json\/wp\/v2\/comments?post=365"}],"version-history":[{"count":4,"href":"https:\/\/www.ligne-c.archi\/index.php\/wp-json\/wp\/v2\/pages\/365\/revisions"}],"predecessor-version":[{"id":604,"href":"https:\/\/www.ligne-c.archi\/index.php\/wp-json\/wp\/v2\/pages\/365\/revisions\/604"}],"wp:attachment":[{"href":"https:\/\/www.ligne-c.archi\/index.php\/wp-json\/wp\/v2\/media?parent=365"}],"curies":[{"name":"wp","href":"https:\/\/api.w.org\/{rel}","templated":true}]}}