{"id":417,"date":"2025-04-01T12:20:13","date_gmt":"2025-04-01T10:20:13","guid":{"rendered":"https:\/\/www.ligne-c.archi\/?page_id=417"},"modified":"2025-09-22T17:38:22","modified_gmt":"2025-09-22T15:38:22","slug":"quelques-projets","status":"publish","type":"page","link":"https:\/\/www.ligne-c.archi\/index.php\/quelques-projets\/","title":{"rendered":"Quelques projets, r\u00e9alisations &#8230;"},"content":{"rendered":"\r\n<div class=\"wp-block-media-text is-stacked-on-mobile\"><figure class=\"wp-block-media-text__media\"><img loading=\"lazy\" decoding=\"async\" width=\"1024\" height=\"544\" src=\"https:\/\/www.ligne-c.archi\/wp-content\/uploads\/2023\/01\/IMG_2211-scaled-e1675178549899-1024x544.jpg\" alt=\"\" class=\"wp-image-213 size-full\" srcset=\"https:\/\/www.ligne-c.archi\/wp-content\/uploads\/2023\/01\/IMG_2211-scaled-e1675178549899-1024x544.jpg 1024w, https:\/\/www.ligne-c.archi\/wp-content\/uploads\/2023\/01\/IMG_2211-scaled-e1675178549899-300x159.jpg 300w, https:\/\/www.ligne-c.archi\/wp-content\/uploads\/2023\/01\/IMG_2211-scaled-e1675178549899-768x408.jpg 768w, https:\/\/www.ligne-c.archi\/wp-content\/uploads\/2023\/01\/IMG_2211-scaled-e1675178549899-1536x816.jpg 1536w, https:\/\/www.ligne-c.archi\/wp-content\/uploads\/2023\/01\/IMG_2211-scaled-e1675178549899-2048x1088.jpg 2048w\" sizes=\"auto, (max-width: 1024px) 100vw, 1024px\" \/><\/figure><div class=\"wp-block-media-text__content\">\r\n<p>Maison individuelle 2016<\/p>\r\n\r\n\r\n\r\n<p>Projet de construction neuve<\/p>\r\n<\/div><\/div>\r\n\r\n\r\n\r\n<div class=\"wp-block-media-text is-stacked-on-mobile\"><figure class=\"wp-block-media-text__media\"><img loading=\"lazy\" decoding=\"async\" width=\"1024\" height=\"614\" src=\"https:\/\/www.ligne-c.archi\/wp-content\/uploads\/2023\/01\/Detrier-1-1024x614.jpg\" alt=\"\" class=\"wp-image-135 size-full\" srcset=\"https:\/\/www.ligne-c.archi\/wp-content\/uploads\/2023\/01\/Detrier-1-1024x614.jpg 1024w, https:\/\/www.ligne-c.archi\/wp-content\/uploads\/2023\/01\/Detrier-1-300x180.jpg 300w, https:\/\/www.ligne-c.archi\/wp-content\/uploads\/2023\/01\/Detrier-1-768x460.jpg 768w, https:\/\/www.ligne-c.archi\/wp-content\/uploads\/2023\/01\/Detrier-1-1536x920.jpg 1536w, https:\/\/www.ligne-c.archi\/wp-content\/uploads\/2023\/01\/Detrier-1-2048x1227.jpg 2048w, https:\/\/www.ligne-c.archi\/wp-content\/uploads\/2023\/01\/Detrier-1-2000x1200.jpg 2000w\" sizes=\"auto, (max-width: 1024px) 100vw, 1024px\" \/><\/figure><div class=\"wp-block-media-text__content\">\r\n<p>Mairie de DETRIER &#8211; 2016<\/p>\r\n\r\n\r\n\r\n<p>R\u00e9habilitation des bureaux de la mairie et cr\u00e9ation d&rsquo;une salle polyvalente<\/p>\r\n<\/div><\/div>\r\n\r\n\r\n\r\n<div class=\"wp-block-media-text is-stacked-on-mobile\" style=\"grid-template-columns:48% auto\"><figure class=\"wp-block-media-text__media\"><img loading=\"lazy\" decoding=\"async\" width=\"1024\" height=\"453\" src=\"https:\/\/www.ligne-c.archi\/wp-content\/uploads\/2025\/04\/montage-insertion-1024x453.jpg\" alt=\"\" class=\"wp-image-427 size-full\" srcset=\"https:\/\/www.ligne-c.archi\/wp-content\/uploads\/2025\/04\/montage-insertion-1024x453.jpg 1024w, https:\/\/www.ligne-c.archi\/wp-content\/uploads\/2025\/04\/montage-insertion-300x133.jpg 300w, https:\/\/www.ligne-c.archi\/wp-content\/uploads\/2025\/04\/montage-insertion-768x340.jpg 768w, https:\/\/www.ligne-c.archi\/wp-content\/uploads\/2025\/04\/montage-insertion-1536x679.jpg 1536w, https:\/\/www.ligne-c.archi\/wp-content\/uploads\/2025\/04\/montage-insertion-2048x906.jpg 2048w\" sizes=\"auto, (max-width: 1024px) 100vw, 1024px\" \/><\/figure><div class=\"wp-block-media-text__content\">\r\n<p>Maison individuelle &#8211; 2020<\/p>\r\n\r\n\r\n\r\n<p>Projet priv\u00e9, conception et dossier d&rsquo;autorisation administrative<\/p>\r\n\r\n\r\n<div class=\"wp-block-image\">\r\n<figure class=\"aligncenter size-large is-resized\"><img loading=\"lazy\" decoding=\"async\" width=\"1024\" height=\"535\" src=\"https:\/\/www.ligne-c.archi\/wp-content\/uploads\/2023\/02\/sketch-est--1024x535.png\" alt=\"\" class=\"wp-image-244\" style=\"width:251px;height:auto\" srcset=\"https:\/\/www.ligne-c.archi\/wp-content\/uploads\/2023\/02\/sketch-est--1024x535.png 1024w, https:\/\/www.ligne-c.archi\/wp-content\/uploads\/2023\/02\/sketch-est--300x157.png 300w, https:\/\/www.ligne-c.archi\/wp-content\/uploads\/2023\/02\/sketch-est--768x401.png 768w, https:\/\/www.ligne-c.archi\/wp-content\/uploads\/2023\/02\/sketch-est--1536x802.png 1536w, https:\/\/www.ligne-c.archi\/wp-content\/uploads\/2023\/02\/sketch-est-.png 1630w\" sizes=\"auto, (max-width: 1024px) 100vw, 1024px\" \/><\/figure>\r\n<\/div><\/div><\/div>\r\n\r\n\r\n\r\n<div class=\"wp-block-media-text is-stacked-on-mobile\"><figure class=\"wp-block-media-text__media\"><img loading=\"lazy\" decoding=\"async\" width=\"1024\" height=\"495\" src=\"https:\/\/www.ligne-c.archi\/wp-content\/uploads\/2023\/10\/Vue-3D-IMG_8532-1024x495.png\" alt=\"\" class=\"wp-image-282 size-full\" srcset=\"https:\/\/www.ligne-c.archi\/wp-content\/uploads\/2023\/10\/Vue-3D-IMG_8532-1024x495.png 1024w, https:\/\/www.ligne-c.archi\/wp-content\/uploads\/2023\/10\/Vue-3D-IMG_8532-300x145.png 300w, https:\/\/www.ligne-c.archi\/wp-content\/uploads\/2023\/10\/Vue-3D-IMG_8532-768x371.png 768w, https:\/\/www.ligne-c.archi\/wp-content\/uploads\/2023\/10\/Vue-3D-IMG_8532-1536x743.png 1536w, https:\/\/www.ligne-c.archi\/wp-content\/uploads\/2023\/10\/Vue-3D-IMG_8532-2048x990.png 2048w\" sizes=\"auto, (max-width: 1024px) 100vw, 1024px\" \/><\/figure><div class=\"wp-block-media-text__content\">\r\n<p>Apremont (73) &#8211; 2023<\/p>\r\n\r\n\r\n\r\n<p>Projet d&rsquo;extension d&rsquo;un ancien corps de ferme d\u00e9j\u00e0 transform\u00e9 en logement<\/p>\r\n<\/div><\/div>\r\n\r\n\r\n\r\n<div class=\"wp-block-media-text is-stacked-on-mobile\"><figure class=\"wp-block-media-text__media\"><img loading=\"lazy\" decoding=\"async\" width=\"1024\" height=\"768\" src=\"https:\/\/www.ligne-c.archi\/wp-content\/uploads\/2025\/04\/la-recyclerie-1-1024x768.webp\" alt=\"\" class=\"wp-image-397 size-full\" srcset=\"https:\/\/www.ligne-c.archi\/wp-content\/uploads\/2025\/04\/la-recyclerie-1-1024x768.webp 1024w, https:\/\/www.ligne-c.archi\/wp-content\/uploads\/2025\/04\/la-recyclerie-1-300x225.webp 300w, https:\/\/www.ligne-c.archi\/wp-content\/uploads\/2025\/04\/la-recyclerie-1-768x576.webp 768w, https:\/\/www.ligne-c.archi\/wp-content\/uploads\/2025\/04\/la-recyclerie-1-1536x1152.webp 1536w, https:\/\/www.ligne-c.archi\/wp-content\/uploads\/2025\/04\/la-recyclerie-1-2048x1536.webp 2048w\" sizes=\"auto, (max-width: 1024px) 100vw, 1024px\" \/><\/figure><div class=\"wp-block-media-text__content\">\r\n<p>LA RECYCLERIE &#8211; 2024<\/p>\r\n\r\n\r\n\r\n<p>Maitre d&rsquo;Ouvrage C\u0153ur de Savoie Magasin \u00e0 Saint Pierre d&rsquo;Albigny <\/p>\r\n<\/div><\/div>\r\n","protected":false},"excerpt":{"rendered":"<p>Maison individuelle 2016 Projet de construction neuve Mairie de DETRIER &#8211; 2016 R\u00e9habilitation des bureaux de la mairie et cr\u00e9ation d&rsquo;une salle polyvalente Apremont (73) &#8211; 2023 Projet d&rsquo;extension d&rsquo;un ancien corps de ferme d\u00e9j\u00e0 transform\u00e9 en logement LA RECYCLERIE &#8211; 2024 Maitre d&rsquo;Ouvrage C\u0153ur de Savoie Magasin \u00e0 Saint Pierre d&rsquo;Albigny<\/p>\n","protected":false},"author":1,"featured_media":0,"parent":0,"menu_order":7,"comment_status":"closed","ping_status":"closed","template":"page-templates\/full-width-page.php","meta":{"footnotes":""},"class_list":["post-417","page","type-page","status-publish","hentry"],"jetpack_likes_enabled":true,"jetpack_sharing_enabled":true,"_links":{"self":[{"href":"https:\/\/www.ligne-c.archi\/index.php\/wp-json\/wp\/v2\/pages\/417","targetHints":{"allow":["GET"]}}],"collection":[{"href":"https:\/\/www.ligne-c.archi\/index.php\/wp-json\/wp\/v2\/pages"}],"about":[{"href":"https:\/\/www.ligne-c.archi\/index.php\/wp-json\/wp\/v2\/types\/page"}],"author":[{"embeddable":true,"href":"https:\/\/www.ligne-c.archi\/index.php\/wp-json\/wp\/v2\/users\/1"}],"replies":[{"embeddable":true,"href":"https:\/\/www.ligne-c.archi\/index.php\/wp-json\/wp\/v2\/comments?post=417"}],"version-history":[{"count":5,"href":"https:\/\/www.ligne-c.archi\/index.php\/wp-json\/wp\/v2\/pages\/417\/revisions"}],"predecessor-version":[{"id":788,"href":"https:\/\/www.ligne-c.archi\/index.php\/wp-json\/wp\/v2\/pages\/417\/revisions\/788"}],"wp:attachment":[{"href":"https:\/\/www.ligne-c.archi\/index.php\/wp-json\/wp\/v2\/media?parent=417"}],"curies":[{"name":"wp","href":"https:\/\/api.w.org\/{rel}","templated":true}]}}