{"id":68,"date":"2023-01-16T16:56:51","date_gmt":"2023-01-16T15:56:51","guid":{"rendered":"http:\/\/www.ligne-c.archi\/?page_id=68"},"modified":"2025-10-08T14:50:11","modified_gmt":"2025-10-08T12:50:11","slug":"accueil","status":"publish","type":"page","link":"https:\/\/www.ligne-c.archi\/index.php\/accueil\/","title":{"rendered":"Atelier Ligne C"},"content":{"rendered":"<div data-colibri-id=\"68-c1\" class=\"style-256 style-local-68-c1 position-relative\">\n  <!---->\n  <div data-colibri-component=\"section\" data-colibri-id=\"68-c2\" id=\"custom\" class=\"h-section h-section-global-spacing d-flex align-items-lg-center align-items-md-center align-items-center style-352 style-local-68-c2 position-relative\">\n    <!---->\n    <!---->\n    <div class=\"h-section-grid-container h-section-boxed-container\">\n      <!---->\n      <div data-colibri-id=\"68-c3\" class=\"h-row-container gutters-row-lg-2 gutters-row-md-2 gutters-row-0 gutters-row-v-lg-2 gutters-row-v-md-2 gutters-row-v-2 style-498 style-local-68-c3 position-relative\">\n        <!---->\n        <div class=\"h-row justify-content-lg-center justify-content-md-center justify-content-center align-items-lg-stretch align-items-md-stretch align-items-stretch gutters-col-lg-2 gutters-col-md-2 gutters-col-0 gutters-col-v-lg-2 gutters-col-v-md-2 gutters-col-v-2\">\n          <!---->\n          <div class=\"h-column h-column-container d-flex h-col-lg-12 h-col-md-12 h-col-12 style-499-outer style-local-68-c4-outer\">\n            <div data-colibri-id=\"68-c4\" class=\"d-flex h-flex-basis h-column__inner h-px-lg-2 h-px-md-2 h-px-2 v-inner-lg-2 v-inner-md-2 v-inner-2 style-499 style-local-68-c4 position-relative\">\n              <!---->\n              <!---->\n              <div class=\"w-100 h-y-container h-column__content h-column__v-align flex-basis-100 align-self-lg-start align-self-md-start align-self-start\">\n                <!---->\n                <div data-colibri-id=\"68-c5\" class=\"h-text h-text-component style-500 style-local-68-c5 position-relative h-element\">\n                  <!---->\n                  <!---->\n                  <div class=\"\">\n                    <p>Vous avez un projet de<\/p>\n                  <\/div>\n                <\/div>\n              <\/div>\n            <\/div>\n          <\/div>\n        <\/div>\n      <\/div>\n      <div data-colibri-id=\"68-c6\" class=\"h-row-container gutters-row-lg-2 gutters-row-md-2 gutters-row-0 gutters-row-v-lg-2 gutters-row-v-md-2 gutters-row-v-2 style-506 style-local-68-c6 position-relative\">\n        <!---->\n        <div class=\"h-row justify-content-lg-center justify-content-md-center justify-content-center align-items-lg-stretch align-items-md-stretch align-items-stretch gutters-col-lg-2 gutters-col-md-2 gutters-col-0 gutters-col-v-lg-2 gutters-col-v-md-2 gutters-col-v-2\">\n          <!---->\n          <div class=\"h-column h-column-container d-flex h-col-lg-auto h-col-md-auto h-col-auto style-507-outer style-local-68-c7-outer\">\n            <div data-colibri-id=\"68-c7\" class=\"d-flex h-flex-basis h-column__inner h-px-lg-2 h-px-md-2 h-px-2 v-inner-lg-2 v-inner-md-2 v-inner-2 style-507 style-local-68-c7 position-relative\">\n              <!---->\n              <!---->\n              <div class=\"w-100 h-y-container h-column__content h-column__v-align flex-basis-100 align-self-lg-start align-self-md-start align-self-start\">\n                <!---->\n                <div data-colibri-id=\"68-c8\" class=\"d-block style-361 style-local-68-c8 position-relative h-element\">\n                  <!---->\n                  <div class=\"h-image__frame-container-outer\">\n                    <div class=\"h-image__frame-container\">\n                      <!---->\n                      <!---->\n                      <img loading=\"lazy\" decoding=\"async\" width=\"550\" height=\"273\" src=\"https:\/\/www.ligne-c.archi\/wp-content\/uploads\/2025\/04\/cropped-cropped-logo-web-fond-transparent3-edited-1.png\" class=\"wp-image-853 style-361-image style-local-68-c8-image\" alt=\"\" srcset=\"https:\/\/www.ligne-c.archi\/wp-content\/uploads\/2025\/04\/cropped-cropped-logo-web-fond-transparent3-edited-1.png 550w, https:\/\/www.ligne-c.archi\/wp-content\/uploads\/2025\/04\/cropped-cropped-logo-web-fond-transparent3-edited-1-300x149.png 300w\" sizes=\"auto, (max-width: 550px) 100vw, 550px\" \/>\n                      <div class=\"h-image__frame h-hide-lg h-hide-md h-hide-sm style-361-frameImage style-local-68-c8-frameImage\"><\/div>\n                    <\/div>\n                  <\/div>\n                <\/div>\n              <\/div>\n            <\/div>\n          <\/div>\n          <div class=\"h-column h-column-container d-flex h-col-lg-auto h-col-md-auto h-col-auto style-508-outer style-local-68-c9-outer\">\n            <div data-colibri-id=\"68-c9\" class=\"d-flex h-flex-basis h-column__inner h-px-lg-2 h-px-md-2 h-px-2 v-inner-lg-2 v-inner-md-2 v-inner-2 style-508 style-local-68-c9 position-relative\">\n              <!---->\n              <!---->\n              <div class=\"w-100 h-y-container h-column__content h-column__v-align flex-basis-100 align-self-lg-start align-self-md-start align-self-start\">\n                <!---->\n                <div data-colibri-id=\"68-c10\" class=\"h-text h-text-component style-509 style-local-68-c10 position-relative h-element\">\n                  <!---->\n                  <!---->\n                  <div class=\"\">\n                    <ul>\n                      <li>Construction ou de r\u00e9novation<\/li>\n                      <li>Un terrain \u00e0 b\u00e2tir ?<\/li>\n                      <li>Une vielle b\u00e2tisse ?<\/li>\n                      <li>Besoin d\u2019un b\u00e2timent artisanal pour votre activit\u00e9 ?<\/li>\n                      <li>Un logement \u00e0 rafraichir, agrandir, modifier ?<\/li>\n                      <li>Besoin de retrouver de l\u2019harmonie et du bien-\u00eatre au sein de votre environnement&nbsp;?<\/li>\n                    <\/ul>\n                  <\/div>\n                <\/div>\n              <\/div>\n            <\/div>\n          <\/div>\n        <\/div>\n      <\/div>\n    <\/div>\n  <\/div>\n  <div data-colibri-component=\"section\" data-colibri-id=\"68-c11\" id=\"custom-2\" class=\"h-section h-section-global-spacing d-flex align-items-lg-center align-items-md-center align-items-center style-362 style-local-68-c11 position-relative\">\n    <!---->\n    <!---->\n    <div class=\"h-section-grid-container h-section-boxed-container\">\n      <!---->\n      <div data-colibri-id=\"68-c12\" class=\"h-row-container gutters-row-lg-1 gutters-row-md-1 gutters-row-0 gutters-row-v-lg-1 gutters-row-v-md-1 gutters-row-v-1 style-365 style-local-68-c12 position-relative\">\n        <!---->\n        <div class=\"h-row justify-content-lg-center justify-content-md-center justify-content-center align-items-lg-stretch align-items-md-stretch align-items-stretch gutters-col-lg-1 gutters-col-md-1 gutters-col-0 gutters-col-v-lg-1 gutters-col-v-md-1 gutters-col-v-1\">\n          <!---->\n          <div class=\"h-column h-column-container d-flex h-col-lg-auto h-col-md-auto h-col-auto style-366-outer style-local-68-c13-outer\">\n            <div data-colibri-id=\"68-c13\" class=\"d-flex h-flex-basis h-column__inner h-px-lg-0 h-px-md-0 h-px-0 v-inner-lg-0 v-inner-md-0 v-inner-0 style-366 style-local-68-c13 position-relative\">\n              <!---->\n              <!---->\n              <div class=\"w-100 h-y-container h-column__content h-column__v-align flex-basis-100 align-self-lg-start align-self-md-start align-self-start\">\n                <!---->\n                <div data-colibri-id=\"68-c14\" class=\"h-text h-text-component style-495 style-local-68-c14 position-relative h-element\">\n                  <!---->\n                  <!---->\n                  <div class=\"\">\n                    <h3>Mon engagement : une collaboration au service de votre projet<\/h3>\n                  <\/div>\n                <\/div>\n                <div data-colibri-id=\"68-c15\" class=\"h-text h-text-component style-496 style-local-68-c15 position-relative h-element\">\n                  <!---->\n                  <!---->\n                  <div class=\"\">\n                    <p>Mon r\u00f4le d&rsquo;architecte est de traduire votre vision en un projet concret. Je m&rsquo;engage \u00e0 vous offrir une \u00e9coute attentive, des conseils avis\u00e9s et mon exp\u00e9rience pour construire un espace qui vous ressemble.<\/p>\n                    <p>Je vous consid\u00e8re comme un acteur principal de notre collaboration. Ensemble, nous allons fa\u00e7onner un projet qui correspond non seulement \u00e0 vos besoins, mais aussi \u00e0 votre mode de vie. Chaque espace que nous concevons sera pens\u00e9 pour\n                      son usage, sa fonction et pour qu&rsquo;il soit en parfaite ad\u00e9quation avec votre quotidien.<\/p>\n                  <\/div>\n                <\/div>\n                <div data-colibri-id=\"68-c16\" class=\"h-text h-text-component style-497 style-local-68-c16 position-relative h-element\">\n                  <!---->\n                  <!---->\n                  <div class=\"\">\n                    <p>Je m&rsquo;exprime soit en mon nom, soit par le \u00ab\u00a0Nous\u00a0\u00bb, je vous explique pourquoi. Le projet n\u00e9cessite diverses comp\u00e9tences, et pour cela l&rsquo;architecte s&rsquo;entoure de personnes aux qualifications diverses, et cibl\u00e9es pour le bon d\u00e9roulement\n                      du projet.<\/p>\n                    <p>En tant qu\u2019architecte, j\u2019interviens dans des domaines vari\u00e9s et peux vous accompagner sur diff\u00e9rentes missions des \u00e9tudes de faisabilit\u00e9 au suivi de travaux. Durant ces ann\u00e9es de pratique force est de constater que l&rsquo;architecture et\n                      sa pratique composent un champ large et souvent flou du grand public. Notre <strong>\u00e9coute<\/strong> et p\u00e9dagogie vis \u00e0 vis du processus du projet, notre <strong>savoir-faire<\/strong>, notre pr\u00e9cision, notre <strong>rigueur<\/strong>,\n                      rassurent et rendent l&rsquo;approche plus simple.<\/p>\n                    <p>Chaque projet a ses <strong>particularit\u00e9s<\/strong>, nous nous adaptons \u00e0 vos <strong>besoins<\/strong> et vous accompagnons pour les concr\u00e9tiser au plus juste.<\/p>\n                    <p>Notre analyse exhaustive, et l&rsquo;<strong>ouverture<\/strong> vers des options diff\u00e9rentes, <strong>\u00e9largiront la vision <\/strong>port\u00e9e \u00e0 votre projet, lui donneront un <strong>caract\u00e8re singulier<\/strong>.<\/p>\n                    <p>Nous apporterons \u00e0 vos envies une r\u00e9ponse <strong>simple<\/strong>, en lien avec votre environnement, en ad\u00e9quation avec les fonctions attendues, les usages dans le respect des applications r\u00e9glementaires. Des premiers \u00e9changes d\u00e9coulent\n                      une multitudes d&rsquo;informations paraissant complexes, nous en tirerons les atouts pour valoriser votre projet.<\/p>\n                  <\/div>\n                <\/div>\n              <\/div>\n            <\/div>\n          <\/div>\n        <\/div>\n      <\/div>\n      <div data-colibri-id=\"68-c17\" class=\"h-row-container gutters-row-lg-2 gutters-row-md-2 gutters-row-0 gutters-row-v-lg-2 gutters-row-v-md-2 gutters-row-v-2 style-363 style-local-68-c17 position-relative\">\n        <!---->\n        <div class=\"h-row justify-content-lg-center justify-content-md-center justify-content-center align-items-lg-stretch align-items-md-stretch align-items-stretch gutters-col-lg-2 gutters-col-md-2 gutters-col-0 gutters-col-v-lg-2 gutters-col-v-md-2 gutters-col-v-2\">\n          <!---->\n          <div class=\"h-column h-column-container d-flex h-col-lg-auto h-col-md-auto h-col-auto style-364-outer style-local-68-c18-outer\">\n            <div data-colibri-id=\"68-c18\" class=\"d-flex h-flex-basis h-column__inner h-px-lg-2 h-px-md-2 h-px-2 v-inner-lg-2 v-inner-md-2 v-inner-2 style-364 style-local-68-c18 position-relative\">\n              <!---->\n              <!---->\n              <div class=\"w-100 h-y-container h-column__content h-column__v-align flex-basis-100 align-self-lg-start align-self-md-start align-self-start\">\n                <!---->\n                <div data-colibri-id=\"68-c19\" class=\"h-x-container style-368 style-local-68-c19 position-relative h-element\">\n                  <!---->\n                  <div class=\"h-x-container-inner style-dynamic-68-c19-group style-368-spacing style-local-68-c19-spacing\"><span class=\"h-button__outer style-369-outer style-local-68-c20-outer d-inline-flex h-element\"><a h-use-smooth-scroll=\"true\" href=\"https:\/\/www.ligne-c.archi\/index.php\/contacts\/\"  data-colibri-id=\"68-c20\" class=\"d-flex w-100 align-items-center h-button justify-content-lg-center justify-content-md-center justify-content-center style-369 style-local-68-c20 position-relative\"><!----><!----> <span>Premier contact, une question<\/span><\/a>\n                    <\/span>\n                  <\/div>\n                <\/div>\n                <div data-colibri-id=\"68-c21\" class=\"h-text h-text-component style-489 style-local-68-c21 position-relative h-element\">\n                  <!---->\n                  <!---->\n                  <div class=\"\">\n                    <p><strong>N<\/strong>&lsquo;h\u00e9sitez pas \u00e0 me contacter pour un premier \u00e9change.<\/p>\n                  <\/div>\n                <\/div>\n              <\/div>\n            <\/div>\n          <\/div>\n        <\/div>\n      <\/div>\n      <div data-colibri-id=\"68-c28\" class=\"h-row-container gutters-row-lg-0 gutters-row-md-0 gutters-row-0 gutters-row-v-lg-0 gutters-row-v-md-0 gutters-row-v-0 style-700 style-local-68-c28 position-relative\">\n        <!---->\n        <div class=\"h-row justify-content-lg-center justify-content-md-center justify-content-center align-items-lg-stretch align-items-md-stretch align-items-stretch gutters-col-lg-0 gutters-col-md-0 gutters-col-0 gutters-col-v-lg-0 gutters-col-v-md-0 gutters-col-v-0\">\n          <!---->\n          <div class=\"h-column h-column-container d-flex h-col-lg-auto h-col-md-auto h-col-auto style-701-outer style-local-68-c29-outer\">\n            <div data-colibri-id=\"68-c29\" class=\"d-flex h-flex-basis h-column__inner h-px-lg-0 h-px-md-0 h-px-0 v-inner-lg-0 v-inner-md-0 v-inner-0 style-701 style-local-68-c29 position-relative\">\n              <!---->\n              <!---->\n              <div class=\"w-100 h-y-container h-column__content h-column__v-align flex-basis-100 align-self-lg-start align-self-md-start align-self-start\">\n                <!---->\n                <div data-colibri-id=\"68-c30\" class=\"h-text h-text-component style-699 style-local-68-c30 position-relative h-element\">\n                  <!---->\n                  <!---->\n                  <div class=\"\">\n                    <p>\u00ab&nbsp;La simplicit\u00e9, c\u2019est l\u2019harmonie parfaite entre le beau, l\u2019utile et le juste&nbsp;\u00bb<\/p>\n                  <\/div>\n                <\/div>\n              <\/div>\n            <\/div>\n          <\/div>\n          <div class=\"h-column h-column-container d-flex h-col-lg-auto h-col-md-auto h-col-auto style-705-outer style-local-68-c34-outer\">\n            <div data-colibri-id=\"68-c34\" class=\"d-flex h-flex-basis h-column__inner h-px-lg-0 h-px-md-0 h-px-0 v-inner-lg-0 v-inner-md-0 v-inner-0 style-705 style-local-68-c34 position-relative\">\n              <!---->\n              <!---->\n              <div class=\"w-100 h-y-container h-column__content h-column__v-align flex-basis-100 align-self-lg-center align-self-md-center align-self-center\">\n                <!---->\n                <div data-colibri-id=\"68-c35\" class=\"h-text h-text-component style-706 style-local-68-c35 position-relative h-element\">\n                  <!---->\n                  <!---->\n                  <div class=\"\">\n                    <p>Franck Lloyd Wright<\/p>\n                  <\/div>\n                <\/div>\n              <\/div>\n            <\/div>\n          <\/div>\n        <\/div>\n      <\/div>\n    <\/div>\n  <\/div>\n<\/div>","protected":false},"excerpt":{"rendered":"<p>Vous avez un projet de Construction ou de r\u00e9novation Un terrain \u00e0 b\u00e2tir ? Une vielle b\u00e2tisse ? Besoin d\u2019un b\u00e2timent artisanal pour votre activit\u00e9 ? Un logement \u00e0 rafraichir, agrandir, modifier ? Besoin de retrouver de l\u2019harmonie et du bien-\u00eatre au sein de votre environnement&nbsp;? Mon engagement : une collaboration au service de votre [&hellip;]<\/p>\n","protected":false},"author":1,"featured_media":0,"parent":0,"menu_order":0,"comment_status":"closed","ping_status":"closed","template":"page-templates\/full-width-page.php","meta":{"footnotes":""},"class_list":["post-68","page","type-page","status-publish","hentry"],"jetpack_likes_enabled":true,"jetpack_sharing_enabled":true,"_links":{"self":[{"href":"https:\/\/www.ligne-c.archi\/index.php\/wp-json\/wp\/v2\/pages\/68","targetHints":{"allow":["GET"]}}],"collection":[{"href":"https:\/\/www.ligne-c.archi\/index.php\/wp-json\/wp\/v2\/pages"}],"about":[{"href":"https:\/\/www.ligne-c.archi\/index.php\/wp-json\/wp\/v2\/types\/page"}],"author":[{"embeddable":true,"href":"https:\/\/www.ligne-c.archi\/index.php\/wp-json\/wp\/v2\/users\/1"}],"replies":[{"embeddable":true,"href":"https:\/\/www.ligne-c.archi\/index.php\/wp-json\/wp\/v2\/comments?post=68"}],"version-history":[{"count":20,"href":"https:\/\/www.ligne-c.archi\/index.php\/wp-json\/wp\/v2\/pages\/68\/revisions"}],"predecessor-version":[{"id":1587,"href":"https:\/\/www.ligne-c.archi\/index.php\/wp-json\/wp\/v2\/pages\/68\/revisions\/1587"}],"wp:attachment":[{"href":"https:\/\/www.ligne-c.archi\/index.php\/wp-json\/wp\/v2\/media?parent=68"}],"curies":[{"name":"wp","href":"https:\/\/api.w.org\/{rel}","templated":true}]}}