{"id":69,"date":"2023-01-16T16:56:52","date_gmt":"2023-01-16T15:56:52","guid":{"rendered":"http:\/\/www.ligne-c.archi\/?page_id=69"},"modified":"2025-04-04T15:27:15","modified_gmt":"2025-04-04T13:27:15","slug":"contacts","status":"publish","type":"page","link":"https:\/\/www.ligne-c.archi\/index.php\/contacts\/","title":{"rendered":"Contact"},"content":{"rendered":"<div data-colibri-id=\"69-c1\" class=\"style-222 style-local-69-c1 position-relative\">\n  <!---->\n  <div data-colibri-component=\"section\" data-colibri-id=\"69-c2\" id=\"features\" class=\"h-section h-section-global-spacing d-flex align-items-lg-center align-items-md-center align-items-center style-267 style-local-69-c2 position-relative\">\n    <!---->\n    <!---->\n    <div class=\"h-section-grid-container h-section-boxed-container\">\n      <!---->\n      <div data-colibri-id=\"69-c3\" class=\"h-row-container gutters-row-lg-2 gutters-row-md-2 gutters-row-0 gutters-row-v-lg-2 gutters-row-v-md-2 gutters-row-v-2 style-349 style-local-69-c3 position-relative\">\n        <!---->\n        <div class=\"h-row justify-content-lg-center justify-content-md-center justify-content-center align-items-lg-stretch align-items-md-stretch align-items-stretch gutters-col-lg-2 gutters-col-md-2 gutters-col-0 gutters-col-v-lg-2 gutters-col-v-md-2 gutters-col-v-2\">\n          <!---->\n          <div class=\"h-column h-column-container d-flex h-col-lg-auto h-col-md-auto h-col-auto style-350-outer style-local-69-c4-outer\">\n            <div data-colibri-id=\"69-c4\" class=\"d-flex h-flex-basis h-column__inner h-px-lg-2 h-px-md-2 h-px-2 v-inner-lg-2 v-inner-md-2 v-inner-2 style-350 style-local-69-c4 position-relative\">\n              <!---->\n              <!---->\n              <div class=\"w-100 h-y-container h-column__content h-column__v-align flex-basis-100 align-self-lg-start align-self-md-start align-self-start\">\n                <!---->\n                <div data-colibri-id=\"69-c5\" class=\"h-global-transition-all h-heading style-351 style-local-69-c5 position-relative h-element\">\n                  <!---->\n                  <div class=\"h-heading__outer style-351 style-local-69-c5\">\n                    <!---->\n                    <!---->\n                    <h2 class=\"\">Plusieurs moyens pour \u00e9changer ou se rencontrer<\/h2>\n                  <\/div>\n                <\/div>\n              <\/div>\n            <\/div>\n          <\/div>\n        <\/div>\n      <\/div>\n      <div data-colibri-id=\"69-c6\" class=\"h-row-container gutters-row-lg-1 gutters-row-md-1 gutters-row-2 gutters-row-v-lg-1 gutters-row-v-md-1 gutters-row-v-1 style-268 style-local-69-c6 position-relative\">\n        <!---->\n        <div class=\"h-row justify-content-lg-center justify-content-md-center justify-content-center align-items-lg-stretch align-items-md-stretch align-items-stretch gutters-col-lg-1 gutters-col-md-1 gutters-col-2 gutters-col-v-lg-1 gutters-col-v-md-1 gutters-col-v-1\">\n          <!---->\n          <div class=\"h-column h-column-container d-flex h-col-lg-auto h-col-md-auto h-col-auto style-269-outer style-local-69-c7-outer\">\n            <div data-colibri-id=\"69-c7\" class=\"d-flex h-flex-basis h-column__inner h-px-lg-3 h-px-md-3 h-px-0 v-inner-lg-3 v-inner-md-3 v-inner-0 style-269 style-local-69-c7 position-relative\">\n              <!---->\n              <!---->\n              <div class=\"w-100 h-y-container h-column__content h-column__v-align flex-basis-100 align-self-lg-start align-self-md-start align-self-start\">\n                <!---->\n                <div data-colibri-id=\"69-c8\" class=\"h-global-transition-all h-heading style-271 style-local-69-c8 position-relative h-element\">\n                  <!---->\n                  <div class=\"h-heading__outer style-271 style-local-69-c8\">\n                    <!---->\n                    <!---->\n                    <h4 class=\"\">Ecrivez-nous &#8230;<\/h4>\n                  <\/div>\n                <\/div>\n                <div data-colibri-id=\"69-c9\" class=\"h-x-container style-273 style-local-69-c9 position-relative h-element\">\n                  <!---->\n                  <div class=\"h-x-container-inner style-dynamic-69-c9-group style-273-spacing style-local-69-c9-spacing\"><span class=\"h-link__outer style-279-outer style-local-69-c10-outer d-inline-flex h-element\"><a h-use-smooth-scroll=\"true\" href=\"mailto:contact@ligne-c.archi\" rel=\"nofollow\"  data-colibri-id=\"69-c10\" class=\"d-flex w-100 align-items-center h-link style-279 style-local-69-c10 position-relative\"><!----><span  class=\"h-svg-icon h-link__icon style-279-icon style-local-69-c10-icon\"><!--Icon by Socicon (http:\/\/www.socicon.com)--><svg version=\"1.1\" xmlns=\"http:\/\/www.w3.org\/2000\/svg\" viewBox=\"0 0 1500 1500\">\n\n<path d=\"M724.5 324c114 1.5 222 49.5 301.5 132v0c-3-34.5 22.5-64.5 58.5-67.5 1.5 0 3 0 3 0h9c37.5 1.5 67.5 31.5 67.5 70.5 0 0 0 0 0 0v598.5c-3 21 10.5 40.5 31.5 45 12 1.5 24-1.5 33-10.5 94.5-99 208.5-508.5-58.5-745.5-214.5-187.5-525-213-765-60-217.5 160.5-297 450-193.5 699 127.5 300 495 388.5 714 300 111-45 162 106.5 46.5 156-174 75-655.5 67.5-882-328.5-151.5-267-142.5-736.5 261-979.5 310.5-186 709.5-135 963 124.5 256.5 271.5 241.5 780-9 978-76.5 58.5-186 45-244.5-33-21-28.5-34.5-61.5-36-96l-1.5-42c-79.5 81-186 126-298.5 126-237-3-426-196.5-426-433.5s189-429 426-433.5c0 0 0 0 0 0zM1009.5 742.5c-1.5-150-123-270-273-268.5-3 0-4.5 0-7.5 0h-6c-171 0-267 136.5-267 291 0 174 115.5 283.5 265.5 283.5 154.5 3 282-118.5 286.5-271.5 1.5 0 1.5-34.5 1.5-34.5z\"><\/path>\n<\/svg>\n<\/span> <span>contact@ligne-c.archi<\/span><\/a>\n                    <\/span>\n                  <\/div>\n                <\/div>\n                <div data-colibri-id=\"69-c11\" class=\"d-block style-270 style-local-69-c11 position-relative h-element\">\n                  <!---->\n                  <div class=\"h-image__frame-container-outer\">\n                    <div class=\"h-image__frame-container\">\n                      <!---->\n                      <!---->\n                      <img loading=\"lazy\" decoding=\"async\" width=\"550\" height=\"273\" src=\"https:\/\/www.ligne-c.archi\/wp-content\/uploads\/2025\/04\/cropped-logo-web-fond-transparent3-edited-1.png\" class=\"wp-image-773 style-270-image style-local-69-c11-image\" alt=\"\" srcset=\"https:\/\/www.ligne-c.archi\/wp-content\/uploads\/2025\/04\/cropped-logo-web-fond-transparent3-edited-1.png 550w, https:\/\/www.ligne-c.archi\/wp-content\/uploads\/2025\/04\/cropped-logo-web-fond-transparent3-edited-1-300x149.png 300w\" sizes=\"auto, (max-width: 550px) 100vw, 550px\" \/>\n                      <div class=\"h-image__frame h-hide-lg h-hide-md h-hide-sm style-270-frameImage style-local-69-c11-frameImage\"><\/div>\n                    <\/div>\n                  <\/div>\n                <\/div>\n              <\/div>\n            <\/div>\n          <\/div>\n          <div class=\"h-column h-column-container d-flex h-col-lg-auto h-col-md-auto h-col-auto style-281-outer style-local-69-c12-outer\">\n            <div data-colibri-id=\"69-c12\" class=\"d-flex h-flex-basis h-column__inner h-px-lg-3 h-px-md-3 h-px-0 v-inner-lg-3 v-inner-md-3 v-inner-0 style-281 style-local-69-c12 position-relative\">\n              <!---->\n              <!---->\n              <div class=\"w-100 h-y-container h-column__content h-column__v-align flex-basis-100 align-self-lg-end align-self-md-end align-self-end\">\n                <!---->\n                <div data-colibri-id=\"69-c13\" class=\"h-global-transition-all h-heading style-271 style-local-69-c13 position-relative h-element\">\n                  <!---->\n                  <div class=\"h-heading__outer style-271 style-local-69-c13\">\n                    <!---->\n                    <!---->\n                    <h4 class=\"\">Rencontrons-nous &#8230;<\/h4>\n                  <\/div>\n                <\/div>\n                <div data-colibri-id=\"69-c14\" class=\"h-lead h-text h-text-component style-280 style-local-69-c14 position-relative h-element\">\n                  <!---->\n                  <!---->\n                  <div class=\"\">\n                    <p>164, Rue de la Mondeuse 73800 PORTE DE SAVOIE<\/p>\n                  <\/div>\n                <\/div>\n                <div data-colibri-id=\"69-c15\" class=\"d-block style-347 style-local-69-c15 position-relative h-element\">\n                  <!---->\n                  <div class=\"h-image__frame-container-outer\">\n                    <a href=\"https:\/\/maps.app.goo.gl\/nyr9gBpsbPqKXnEL8\" h-use-smooth-scroll=\"true\" class=\"image-link\" target=\"_blank\" rel=\"noopener\">\n                      <div class=\"h-image__frame-container\">\n                        <!---->\n                        <!---->\n                        <img loading=\"lazy\" decoding=\"async\" width=\"673\" height=\"673\" src=\"https:\/\/www.ligne-c.archi\/wp-content\/uploads\/2025\/04\/cropped-plan-les-marches.png\" class=\"wp-image-837 style-347-image style-local-69-c15-image\" alt=\"\" srcset=\"https:\/\/www.ligne-c.archi\/wp-content\/uploads\/2025\/04\/cropped-plan-les-marches.png 673w, https:\/\/www.ligne-c.archi\/wp-content\/uploads\/2025\/04\/cropped-plan-les-marches-300x300.png 300w, https:\/\/www.ligne-c.archi\/wp-content\/uploads\/2025\/04\/cropped-plan-les-marches-150x150.png 150w\" sizes=\"auto, (max-width: 673px) 100vw, 673px\" \/>\n                        <div class=\"h-image__frame h-hide-lg h-hide-md h-hide-sm style-347-frameImage style-local-69-c15-frameImage\"><\/div>\n                      <\/div>\n                    <\/a>\n                  <\/div>\n                <\/div>\n              <\/div>\n            <\/div>\n          <\/div>\n          <div class=\"h-column h-column-container d-flex h-col-lg-auto h-col-md-auto h-col-auto style-269-outer style-local-69-c16-outer\">\n            <div data-colibri-id=\"69-c16\" class=\"d-flex h-flex-basis h-column__inner h-px-lg-3 h-px-md-3 h-px-0 v-inner-lg-3 v-inner-md-3 v-inner-0 style-269 style-local-69-c16 position-relative\">\n              <!---->\n              <!---->\n              <div class=\"w-100 h-y-container h-column__content h-column__v-align flex-basis-100 align-self-lg-start align-self-md-start align-self-start\">\n                <!---->\n                <div data-colibri-id=\"69-c17\" class=\"h-global-transition-all h-heading style-271 style-local-69-c17 position-relative h-element\">\n                  <!---->\n                  <div class=\"h-heading__outer style-271 style-local-69-c17\">\n                    <!---->\n                    <!---->\n                    <h4 class=\"\">Une fois sur place &#8230;<\/h4>\n                  <\/div>\n                <\/div>\n                <div data-colibri-id=\"69-c18\" class=\"h-lead h-text h-text-component style-272 style-local-69-c18 position-relative h-element\">\n                  <!---->\n                  <!---->\n                  <div class=\"\">\n                    <p>L&rsquo;acc\u00e8s s&rsquo;effectue par une entr\u00e9e secondaire, 1er \u00e9tage<\/p>\n                  <\/div>\n                <\/div>\n                <div data-colibri-id=\"69-c19\" class=\"d-block style-270 style-local-69-c19 position-relative h-element\">\n                  <!---->\n                  <div class=\"h-image__frame-container-outer\">\n                    <div class=\"h-image__frame-container\">\n                      <!---->\n                      <!---->\n                      <img decoding=\"async\" src=\"https:\/\/www.ligne-c.archi\/wp-content\/uploads\/2024\/11\/cropped-local-300x247.jpg\" class=\"style-270-image style-local-69-c19-image\">\n                      <div class=\"h-image__frame h-hide-lg h-hide-md h-hide-sm style-270-frameImage style-local-69-c19-frameImage\"><\/div>\n                    <\/div>\n                  <\/div>\n                <\/div>\n              <\/div>\n            <\/div>\n          <\/div>\n        <\/div>\n      <\/div>\n    <\/div>\n  <\/div>\n<\/div>","protected":false},"excerpt":{"rendered":"<p>Plusieurs moyens pour \u00e9changer ou se rencontrer Ecrivez-nous &#8230; contact@ligne-c.archi Rencontrons-nous &#8230; 164, Rue de la Mondeuse 73800 PORTE DE SAVOIE Une fois sur place &#8230; L&rsquo;acc\u00e8s s&rsquo;effectue par une entr\u00e9e secondaire, 1er \u00e9tage<\/p>\n","protected":false},"author":1,"featured_media":0,"parent":0,"menu_order":9,"comment_status":"closed","ping_status":"closed","template":"page-templates\/full-width-page.php","meta":{"footnotes":""},"class_list":["post-69","page","type-page","status-publish","hentry"],"jetpack_likes_enabled":true,"jetpack_sharing_enabled":true,"_links":{"self":[{"href":"https:\/\/www.ligne-c.archi\/index.php\/wp-json\/wp\/v2\/pages\/69","targetHints":{"allow":["GET"]}}],"collection":[{"href":"https:\/\/www.ligne-c.archi\/index.php\/wp-json\/wp\/v2\/pages"}],"about":[{"href":"https:\/\/www.ligne-c.archi\/index.php\/wp-json\/wp\/v2\/types\/page"}],"author":[{"embeddable":true,"href":"https:\/\/www.ligne-c.archi\/index.php\/wp-json\/wp\/v2\/users\/1"}],"replies":[{"embeddable":true,"href":"https:\/\/www.ligne-c.archi\/index.php\/wp-json\/wp\/v2\/comments?post=69"}],"version-history":[{"count":20,"href":"https:\/\/www.ligne-c.archi\/index.php\/wp-json\/wp\/v2\/pages\/69\/revisions"}],"predecessor-version":[{"id":954,"href":"https:\/\/www.ligne-c.archi\/index.php\/wp-json\/wp\/v2\/pages\/69\/revisions\/954"}],"wp:attachment":[{"href":"https:\/\/www.ligne-c.archi\/index.php\/wp-json\/wp\/v2\/media?parent=69"}],"curies":[{"name":"wp","href":"https:\/\/api.w.org\/{rel}","templated":true}]}}